{"id":638,"date":"2025-06-18T09:51:58","date_gmt":"2025-06-18T09:51:58","guid":{"rendered":"https:\/\/www.alveloils.com\/privacy-policy\/"},"modified":"2025-07-08T13:32:00","modified_gmt":"2025-07-08T13:32:00","slug":"privacy-policy","status":"publish","type":"page","link":"https:\/\/www.alveloils.com\/es\/privacy-policy\/","title":{"rendered":"Pol\u00edtica de privacidad"},"content":{"rendered":"<h2>T\u00e9rminos y Condiciones de Uso<\/h2>\n<p>Los materiales disponibles en este sitio web, incluidos los enlaces de terceros, se proporcionan \u00fanicamente con fines informativos generales. No constituyen asesoramiento legal y no garantizamos la exactitud o integridad de ninguna informaci\u00f3n en este sitio ni de la que se encuentre siguiendo cualquier enlace en este sitio.<\/p>\n<p>Este sitio web no tiene la intenci\u00f3n de crear una relaci\u00f3n abogado-cliente entre usted y Alvelo Immigration Legal Solutions. No debe actuar ni confiar en ninguna informaci\u00f3n disponible en este sitio web sin antes buscar el asesoramiento de un abogado.<\/p>\n<p>Los correos electr\u00f3nicos o consultas enviadas a trav\u00e9s de este sitio web o a cualquiera de las direcciones de correo electr\u00f3nico indicadas en este sitio no crear\u00e1n una relaci\u00f3n abogado-cliente y no ser\u00e1n tratados como confidenciales. Si elige comunicarse con nosotros a trav\u00e9s de este sitio web o por cualquier otro medio en un asunto en el que no lo representamos, su comunicaci\u00f3n podr\u00eda no ser tratada como privilegiada o confidencial.<\/p>\n<h2>Informaci\u00f3n M\u00f3vil<\/h2>\n<p>Entendemos la sensibilidad de su informaci\u00f3n m\u00f3vil y nos comprometemos a protegerla. Espec\u00edficamente:<\/p>\n<ul>\n<li>No compartimos n\u00fameros de tel\u00e9fono m\u00f3vil ni informaci\u00f3n relacionada con terceros con fines de marketing o promoci\u00f3n.<\/li>\n<li>La informaci\u00f3n m\u00f3vil solo se utiliza para la comunicaci\u00f3n necesaria respecto a su caso legal o actualizaciones de servicio.<\/li>\n<\/ul>\n<h2>Descargo de Responsabilidad<\/h2>\n<p>Alvelo Immigration Legal Solutions no ser\u00e1 responsable de ning\u00fan error u omisi\u00f3n en este sitio web ni de la disponibilidad de esta informaci\u00f3n. No seremos responsables por p\u00e9rdidas, lesiones o da\u00f1os derivados de la exhibici\u00f3n o el uso de esta informaci\u00f3n.<\/p>\n<h2>Qui\u00e9nes Somos<\/h2>\n<p>La direcci\u00f3n de nuestro sitio web es:\u00a0<a href=\"https:\/\/www.alveloils.com\/\" rel=\"noopener\">https:\/\/www.alveloils.com<\/a><\/p>\n","protected":false},"excerpt":{"rendered":"<p>T\u00e9rminos y Condiciones de Uso Los materiales disponibles en este sitio web, incluidos los enlaces de terceros, se proporcionan \u00fanicamente con fines informativos generales. No constituyen asesoramiento legal y no garantizamos la exactitud o integridad de ninguna informaci\u00f3n en este sitio ni de la que se encuentre siguiendo cualquier enlace en este sitio. Este sitio [&hellip;]<\/p>\n","protected":false},"author":3,"featured_media":0,"parent":0,"menu_order":0,"comment_status":"closed","ping_status":"open","template":"","meta":{"_acf_changed":false,"footnotes":""},"class_list":["post-638","page","type-page","status-publish","hentry"],"acf":[],"yoast_head":"<!-- This site is optimized with the Yoast SEO plugin v26.7 - https:\/\/yoast.com\/wordpress\/plugins\/seo\/ -->\n<title>Pol\u00edtica de privacidad - Alvelo Immigration Legal Solutions | Immigration Law Firm<\/title>\n<meta name=\"robots\" content=\"index, follow, max-snippet:-1, max-image-preview:large, max-video-preview:-1\" \/>\n<link rel=\"canonical\" href=\"https:\/\/www.alveloils.com\/es\/privacy-policy\/\" \/>\n<meta property=\"og:locale\" content=\"es_ES\" \/>\n<meta property=\"og:type\" content=\"article\" \/>\n<meta property=\"og:title\" content=\"Pol\u00edtica de privacidad - Alvelo Immigration Legal Solutions | Immigration Law Firm\" \/>\n<meta property=\"og:description\" content=\"T\u00e9rminos y Condiciones de Uso Los materiales disponibles en este sitio web, incluidos los enlaces de terceros, se proporcionan \u00fanicamente con fines informativos generales. No constituyen asesoramiento legal y no garantizamos la exactitud o integridad de ninguna informaci\u00f3n en este sitio ni de la que se encuentre siguiendo cualquier enlace en este sitio. Este sitio [&hellip;]\" \/>\n<meta property=\"og:url\" content=\"https:\/\/www.alveloils.com\/es\/privacy-policy\/\" \/>\n<meta property=\"og:site_name\" content=\"Alvelo Immigration Legal Solutions | Immigration Law Firm\" \/>\n<meta property=\"article:modified_time\" content=\"2025-07-08T13:32:00+00:00\" \/>\n<meta name=\"twitter:card\" content=\"summary_large_image\" \/>\n<meta name=\"twitter:label1\" content=\"Est. reading time\" \/>\n\t<meta name=\"twitter:data1\" content=\"2 minutos\" \/>\n<script type=\"application\/ld+json\" class=\"yoast-schema-graph\">{\"@context\":\"https:\/\/schema.org\",\"@graph\":[{\"@type\":\"WebPage\",\"@id\":\"https:\/\/www.alveloils.com\/es\/privacy-policy\/\",\"url\":\"https:\/\/www.alveloils.com\/es\/privacy-policy\/\",\"name\":\"Pol\u00edtica de privacidad - Alvelo Immigration Legal Solutions | Immigration Law Firm\",\"isPartOf\":{\"@id\":\"https:\/\/www.alveloils.com\/es\/#website\"},\"datePublished\":\"2025-06-18T09:51:58+00:00\",\"dateModified\":\"2025-07-08T13:32:00+00:00\",\"breadcrumb\":{\"@id\":\"https:\/\/www.alveloils.com\/es\/privacy-policy\/#breadcrumb\"},\"inLanguage\":\"es\",\"potentialAction\":[{\"@type\":\"ReadAction\",\"target\":[\"https:\/\/www.alveloils.com\/es\/privacy-policy\/\"]}]},{\"@type\":\"BreadcrumbList\",\"@id\":\"https:\/\/www.alveloils.com\/es\/privacy-policy\/#breadcrumb\",\"itemListElement\":[{\"@type\":\"ListItem\",\"position\":1,\"name\":\"Home\",\"item\":\"https:\/\/www.alveloils.com\/es\/\"},{\"@type\":\"ListItem\",\"position\":2,\"name\":\"Pol\u00edtica de privacidad\"}]},{\"@type\":\"WebSite\",\"@id\":\"https:\/\/www.alveloils.com\/es\/#website\",\"url\":\"https:\/\/www.alveloils.com\/es\/\",\"name\":\"Alvelo Immigration Legal Solutions | Immigration Law Firm\",\"description\":\"\",\"publisher\":{\"@id\":\"https:\/\/www.alveloils.com\/es\/#organization\"},\"potentialAction\":[{\"@type\":\"SearchAction\",\"target\":{\"@type\":\"EntryPoint\",\"urlTemplate\":\"https:\/\/www.alveloils.com\/es\/?s={search_term_string}\"},\"query-input\":{\"@type\":\"PropertyValueSpecification\",\"valueRequired\":true,\"valueName\":\"search_term_string\"}}],\"inLanguage\":\"es\"},{\"@type\":\"Organization\",\"@id\":\"https:\/\/www.alveloils.com\/es\/#organization\",\"name\":\"Alvelo Immigration Legal Solutions | Immigration Law Firm\",\"url\":\"https:\/\/www.alveloils.com\/es\/\",\"logo\":{\"@type\":\"ImageObject\",\"inLanguage\":\"es\",\"@id\":\"https:\/\/www.alveloils.com\/es\/#\/schema\/logo\/image\/\",\"url\":\"https:\/\/www.alveloils.com\/wp-content\/uploads\/2025\/09\/site-logo-002.png\",\"contentUrl\":\"https:\/\/www.alveloils.com\/wp-content\/uploads\/2025\/09\/site-logo-002.png\",\"width\":545,\"height\":257,\"caption\":\"Alvelo Immigration Legal Solutions | Immigration Law Firm\"},\"image\":{\"@id\":\"https:\/\/www.alveloils.com\/es\/#\/schema\/logo\/image\/\"}}]}<\/script>\n<!-- \/ Yoast SEO plugin. -->","yoast_head_json":{"title":"Pol\u00edtica de privacidad - Alvelo Immigration Legal Solutions | Immigration Law Firm","robots":{"index":"index","follow":"follow","max-snippet":"max-snippet:-1","max-image-preview":"max-image-preview:large","max-video-preview":"max-video-preview:-1"},"canonical":"https:\/\/www.alveloils.com\/es\/privacy-policy\/","og_locale":"es_ES","og_type":"article","og_title":"Pol\u00edtica de privacidad - Alvelo Immigration Legal Solutions | Immigration Law Firm","og_description":"T\u00e9rminos y Condiciones de Uso Los materiales disponibles en este sitio web, incluidos los enlaces de terceros, se proporcionan \u00fanicamente con fines informativos generales. No constituyen asesoramiento legal y no garantizamos la exactitud o integridad de ninguna informaci\u00f3n en este sitio ni de la que se encuentre siguiendo cualquier enlace en este sitio. Este sitio [&hellip;]","og_url":"https:\/\/www.alveloils.com\/es\/privacy-policy\/","og_site_name":"Alvelo Immigration Legal Solutions | Immigration Law Firm","article_modified_time":"2025-07-08T13:32:00+00:00","twitter_card":"summary_large_image","twitter_misc":{"Est. reading time":"2 minutos"},"schema":{"@context":"https:\/\/schema.org","@graph":[{"@type":"WebPage","@id":"https:\/\/www.alveloils.com\/es\/privacy-policy\/","url":"https:\/\/www.alveloils.com\/es\/privacy-policy\/","name":"Pol\u00edtica de privacidad - Alvelo Immigration Legal Solutions | Immigration Law Firm","isPartOf":{"@id":"https:\/\/www.alveloils.com\/es\/#website"},"datePublished":"2025-06-18T09:51:58+00:00","dateModified":"2025-07-08T13:32:00+00:00","breadcrumb":{"@id":"https:\/\/www.alveloils.com\/es\/privacy-policy\/#breadcrumb"},"inLanguage":"es","potentialAction":[{"@type":"ReadAction","target":["https:\/\/www.alveloils.com\/es\/privacy-policy\/"]}]},{"@type":"BreadcrumbList","@id":"https:\/\/www.alveloils.com\/es\/privacy-policy\/#breadcrumb","itemListElement":[{"@type":"ListItem","position":1,"name":"Home","item":"https:\/\/www.alveloils.com\/es\/"},{"@type":"ListItem","position":2,"name":"Pol\u00edtica de privacidad"}]},{"@type":"WebSite","@id":"https:\/\/www.alveloils.com\/es\/#website","url":"https:\/\/www.alveloils.com\/es\/","name":"Alvelo Immigration Legal Solutions | Immigration Law Firm","description":"","publisher":{"@id":"https:\/\/www.alveloils.com\/es\/#organization"},"potentialAction":[{"@type":"SearchAction","target":{"@type":"EntryPoint","urlTemplate":"https:\/\/www.alveloils.com\/es\/?s={search_term_string}"},"query-input":{"@type":"PropertyValueSpecification","valueRequired":true,"valueName":"search_term_string"}}],"inLanguage":"es"},{"@type":"Organization","@id":"https:\/\/www.alveloils.com\/es\/#organization","name":"Alvelo Immigration Legal Solutions | Immigration Law Firm","url":"https:\/\/www.alveloils.com\/es\/","logo":{"@type":"ImageObject","inLanguage":"es","@id":"https:\/\/www.alveloils.com\/es\/#\/schema\/logo\/image\/","url":"https:\/\/www.alveloils.com\/wp-content\/uploads\/2025\/09\/site-logo-002.png","contentUrl":"https:\/\/www.alveloils.com\/wp-content\/uploads\/2025\/09\/site-logo-002.png","width":545,"height":257,"caption":"Alvelo Immigration Legal Solutions | Immigration Law Firm"},"image":{"@id":"https:\/\/www.alveloils.com\/es\/#\/schema\/logo\/image\/"}}]}},"yoast_meta":{"yoast_wpseo_title":"","yoast_wpseo_metadesc":"","yoast_wpseo_canonical":""},"_links":{"self":[{"href":"https:\/\/www.alveloils.com\/es\/wp-json\/wp\/v2\/pages\/638","targetHints":{"allow":["GET"]}}],"collection":[{"href":"https:\/\/www.alveloils.com\/es\/wp-json\/wp\/v2\/pages"}],"about":[{"href":"https:\/\/www.alveloils.com\/es\/wp-json\/wp\/v2\/types\/page"}],"author":[{"embeddable":true,"href":"https:\/\/www.alveloils.com\/es\/wp-json\/wp\/v2\/users\/3"}],"replies":[{"embeddable":true,"href":"https:\/\/www.alveloils.com\/es\/wp-json\/wp\/v2\/comments?post=638"}],"version-history":[{"count":0,"href":"https:\/\/www.alveloils.com\/es\/wp-json\/wp\/v2\/pages\/638\/revisions"}],"wp:attachment":[{"href":"https:\/\/www.alveloils.com\/es\/wp-json\/wp\/v2\/media?parent=638"}],"curies":[{"name":"wp","href":"https:\/\/api.w.org\/{rel}","templated":true}]}}