{"id":529,"date":"2025-06-18T10:39:19","date_gmt":"2025-06-18T14:39:19","guid":{"rendered":"https:\/\/www.alveloils.com\/quienes-somos\/"},"modified":"2025-09-30T03:43:20","modified_gmt":"2025-09-30T07:43:20","slug":"about-us","status":"publish","type":"page","link":"https:\/\/www.alveloils.com\/es\/about-us\/","title":{"rendered":"About Us"},"content":{"rendered":"","protected":false},"excerpt":{"rendered":"","protected":false},"author":3,"featured_media":0,"parent":0,"menu_order":0,"comment_status":"closed","ping_status":"closed","template":"page-templates\/flexible-template.php","meta":{"_acf_changed":false,"footnotes":""},"class_list":["post-529","page","type-page","status-publish","hentry"],"acf":[],"yoast_head":"<!-- This site is optimized with the Yoast SEO plugin v27.6 - https:\/\/yoast.com\/product\/yoast-seo-wordpress\/ -->\n<title>Sobre m\u00ed \u2013 Alvelo Immigration Legal Solutions, PLLC<\/title>\n<meta name=\"description\" content=\"Acerca de la abogada Wanda Alvelo La abogada Wanda Alvelo naci\u00f3 en Puerto Rico y es completamente biling\u00fce en espa\u00f1ol e ingl\u00e9s. Esto garantiza que pueda comunicarse con ella directamente, sin necesidad de un int\u00e9rprete, sabiendo que comprender\u00e1 completamente sus necesidades y le brindar\u00e1 la mejor asistencia posible. Wa\" \/>\n<meta name=\"robots\" content=\"index, follow, max-snippet:-1, max-image-preview:large, max-video-preview:-1\" \/>\n<link rel=\"canonical\" href=\"https:\/\/www.alveloils.com\/es\/about-us\/\" \/>\n<meta property=\"og:locale\" content=\"es_ES\" \/>\n<meta property=\"og:type\" content=\"article\" \/>\n<meta property=\"og:title\" content=\"Sobre m\u00ed \u2013 Alvelo Immigration Legal Solutions, PLLC\" \/>\n<meta property=\"og:description\" content=\"Acerca de la abogada Wanda Alvelo La abogada Wanda Alvelo naci\u00f3 en Puerto Rico y es completamente biling\u00fce en espa\u00f1ol e ingl\u00e9s. Esto garantiza que pueda comunicarse con ella directamente, sin necesidad de un int\u00e9rprete, sabiendo que comprender\u00e1 completamente sus necesidades y le brindar\u00e1 la mejor asistencia posible. Wa\" \/>\n<meta property=\"og:url\" content=\"https:\/\/www.alveloils.com\/es\/about-us\/\" \/>\n<meta property=\"og:site_name\" content=\"Alvelo Immigration Legal Solutions | Immigration Law Firm\" \/>\n<meta property=\"article:modified_time\" content=\"2025-09-30T07:43:20+00:00\" \/>\n<meta name=\"twitter:card\" content=\"summary_large_image\" \/>\n<script type=\"application\/ld+json\" class=\"yoast-schema-graph\">{\"@context\":\"https:\\\/\\\/schema.org\",\"@graph\":[{\"@type\":\"WebPage\",\"@id\":\"https:\\\/\\\/www.alveloils.com\\\/es\\\/about-us\\\/\",\"url\":\"https:\\\/\\\/www.alveloils.com\\\/es\\\/about-us\\\/\",\"name\":\"Sobre m\u00ed \u2013 Alvelo Immigration Legal Solutions, PLLC\",\"isPartOf\":{\"@id\":\"https:\\\/\\\/www.alveloils.com\\\/es\\\/#website\"},\"datePublished\":\"2025-06-18T14:39:19+00:00\",\"dateModified\":\"2025-09-30T07:43:20+00:00\",\"description\":\"Acerca de la abogada Wanda Alvelo La abogada Wanda Alvelo naci\u00f3 en Puerto Rico y es completamente biling\u00fce en espa\u00f1ol e ingl\u00e9s. Esto garantiza que pueda comunicarse con ella directamente, sin necesidad de un int\u00e9rprete, sabiendo que comprender\u00e1 completamente sus necesidades y le brindar\u00e1 la mejor asistencia posible. Wa\",\"breadcrumb\":{\"@id\":\"https:\\\/\\\/www.alveloils.com\\\/es\\\/about-us\\\/#breadcrumb\"},\"inLanguage\":\"es\",\"potentialAction\":[{\"@type\":\"ReadAction\",\"target\":[\"https:\\\/\\\/www.alveloils.com\\\/es\\\/about-us\\\/\"]}]},{\"@type\":\"BreadcrumbList\",\"@id\":\"https:\\\/\\\/www.alveloils.com\\\/es\\\/about-us\\\/#breadcrumb\",\"itemListElement\":[{\"@type\":\"ListItem\",\"position\":1,\"name\":\"Home\",\"item\":\"https:\\\/\\\/www.alveloils.com\\\/es\\\/\"},{\"@type\":\"ListItem\",\"position\":2,\"name\":\"About Us\"}]},{\"@type\":\"WebSite\",\"@id\":\"https:\\\/\\\/www.alveloils.com\\\/es\\\/#website\",\"url\":\"https:\\\/\\\/www.alveloils.com\\\/es\\\/\",\"name\":\"Alvelo Immigration Legal Solutions | Immigration Law Firm\",\"description\":\"\",\"publisher\":{\"@id\":\"https:\\\/\\\/www.alveloils.com\\\/es\\\/#organization\"},\"potentialAction\":[{\"@type\":\"SearchAction\",\"target\":{\"@type\":\"EntryPoint\",\"urlTemplate\":\"https:\\\/\\\/www.alveloils.com\\\/es\\\/?s={search_term_string}\"},\"query-input\":{\"@type\":\"PropertyValueSpecification\",\"valueRequired\":true,\"valueName\":\"search_term_string\"}}],\"inLanguage\":\"es\"},{\"@type\":\"Organization\",\"@id\":\"https:\\\/\\\/www.alveloils.com\\\/es\\\/#organization\",\"name\":\"Alvelo Immigration Legal Solutions | Immigration Law Firm\",\"url\":\"https:\\\/\\\/www.alveloils.com\\\/es\\\/\",\"logo\":{\"@type\":\"ImageObject\",\"inLanguage\":\"es\",\"@id\":\"https:\\\/\\\/www.alveloils.com\\\/es\\\/#\\\/schema\\\/logo\\\/image\\\/\",\"url\":\"https:\\\/\\\/www.alveloils.com\\\/wp-content\\\/uploads\\\/2025\\\/09\\\/site-logo-002.png\",\"contentUrl\":\"https:\\\/\\\/www.alveloils.com\\\/wp-content\\\/uploads\\\/2025\\\/09\\\/site-logo-002.png\",\"width\":545,\"height\":257,\"caption\":\"Alvelo Immigration Legal Solutions | Immigration Law Firm\"},\"image\":{\"@id\":\"https:\\\/\\\/www.alveloils.com\\\/es\\\/#\\\/schema\\\/logo\\\/image\\\/\"}}]}<\/script>\n<!-- \/ Yoast SEO plugin. -->","yoast_head_json":{"title":"Sobre m\u00ed \u2013 Alvelo Immigration Legal Solutions, PLLC","description":"Acerca de la abogada Wanda Alvelo La abogada Wanda Alvelo naci\u00f3 en Puerto Rico y es completamente biling\u00fce en espa\u00f1ol e ingl\u00e9s. Esto garantiza que pueda comunicarse con ella directamente, sin necesidad de un int\u00e9rprete, sabiendo que comprender\u00e1 completamente sus necesidades y le brindar\u00e1 la mejor asistencia posible. Wa","robots":{"index":"index","follow":"follow","max-snippet":"max-snippet:-1","max-image-preview":"max-image-preview:large","max-video-preview":"max-video-preview:-1"},"canonical":"https:\/\/www.alveloils.com\/es\/about-us\/","og_locale":"es_ES","og_type":"article","og_title":"Sobre m\u00ed \u2013 Alvelo Immigration Legal Solutions, PLLC","og_description":"Acerca de la abogada Wanda Alvelo La abogada Wanda Alvelo naci\u00f3 en Puerto Rico y es completamente biling\u00fce en espa\u00f1ol e ingl\u00e9s. Esto garantiza que pueda comunicarse con ella directamente, sin necesidad de un int\u00e9rprete, sabiendo que comprender\u00e1 completamente sus necesidades y le brindar\u00e1 la mejor asistencia posible. Wa","og_url":"https:\/\/www.alveloils.com\/es\/about-us\/","og_site_name":"Alvelo Immigration Legal Solutions | Immigration Law Firm","article_modified_time":"2025-09-30T07:43:20+00:00","twitter_card":"summary_large_image","schema":{"@context":"https:\/\/schema.org","@graph":[{"@type":"WebPage","@id":"https:\/\/www.alveloils.com\/es\/about-us\/","url":"https:\/\/www.alveloils.com\/es\/about-us\/","name":"Sobre m\u00ed \u2013 Alvelo Immigration Legal Solutions, PLLC","isPartOf":{"@id":"https:\/\/www.alveloils.com\/es\/#website"},"datePublished":"2025-06-18T14:39:19+00:00","dateModified":"2025-09-30T07:43:20+00:00","description":"Acerca de la abogada Wanda Alvelo La abogada Wanda Alvelo naci\u00f3 en Puerto Rico y es completamente biling\u00fce en espa\u00f1ol e ingl\u00e9s. Esto garantiza que pueda comunicarse con ella directamente, sin necesidad de un int\u00e9rprete, sabiendo que comprender\u00e1 completamente sus necesidades y le brindar\u00e1 la mejor asistencia posible. Wa","breadcrumb":{"@id":"https:\/\/www.alveloils.com\/es\/about-us\/#breadcrumb"},"inLanguage":"es","potentialAction":[{"@type":"ReadAction","target":["https:\/\/www.alveloils.com\/es\/about-us\/"]}]},{"@type":"BreadcrumbList","@id":"https:\/\/www.alveloils.com\/es\/about-us\/#breadcrumb","itemListElement":[{"@type":"ListItem","position":1,"name":"Home","item":"https:\/\/www.alveloils.com\/es\/"},{"@type":"ListItem","position":2,"name":"About Us"}]},{"@type":"WebSite","@id":"https:\/\/www.alveloils.com\/es\/#website","url":"https:\/\/www.alveloils.com\/es\/","name":"Alvelo Immigration Legal Solutions | Immigration Law Firm","description":"","publisher":{"@id":"https:\/\/www.alveloils.com\/es\/#organization"},"potentialAction":[{"@type":"SearchAction","target":{"@type":"EntryPoint","urlTemplate":"https:\/\/www.alveloils.com\/es\/?s={search_term_string}"},"query-input":{"@type":"PropertyValueSpecification","valueRequired":true,"valueName":"search_term_string"}}],"inLanguage":"es"},{"@type":"Organization","@id":"https:\/\/www.alveloils.com\/es\/#organization","name":"Alvelo Immigration Legal Solutions | Immigration Law Firm","url":"https:\/\/www.alveloils.com\/es\/","logo":{"@type":"ImageObject","inLanguage":"es","@id":"https:\/\/www.alveloils.com\/es\/#\/schema\/logo\/image\/","url":"https:\/\/www.alveloils.com\/wp-content\/uploads\/2025\/09\/site-logo-002.png","contentUrl":"https:\/\/www.alveloils.com\/wp-content\/uploads\/2025\/09\/site-logo-002.png","width":545,"height":257,"caption":"Alvelo Immigration Legal Solutions | Immigration Law Firm"},"image":{"@id":"https:\/\/www.alveloils.com\/es\/#\/schema\/logo\/image\/"}}]}},"yoast_meta":{"yoast_wpseo_title":"","yoast_wpseo_metadesc":"","yoast_wpseo_canonical":""},"_links":{"self":[{"href":"https:\/\/www.alveloils.com\/es\/wp-json\/wp\/v2\/pages\/529","targetHints":{"allow":["GET"]}}],"collection":[{"href":"https:\/\/www.alveloils.com\/es\/wp-json\/wp\/v2\/pages"}],"about":[{"href":"https:\/\/www.alveloils.com\/es\/wp-json\/wp\/v2\/types\/page"}],"author":[{"embeddable":true,"href":"https:\/\/www.alveloils.com\/es\/wp-json\/wp\/v2\/users\/3"}],"replies":[{"embeddable":true,"href":"https:\/\/www.alveloils.com\/es\/wp-json\/wp\/v2\/comments?post=529"}],"version-history":[{"count":0,"href":"https:\/\/www.alveloils.com\/es\/wp-json\/wp\/v2\/pages\/529\/revisions"}],"wp:attachment":[{"href":"https:\/\/www.alveloils.com\/es\/wp-json\/wp\/v2\/media?parent=529"}],"curies":[{"name":"wp","href":"https:\/\/api.w.org\/{rel}","templated":true}]}}